{"id":76,"date":"2022-02-24T01:15:10","date_gmt":"2022-02-24T01:15:10","guid":{"rendered":"https:\/\/eldtaugar.is\/?page_id=76"},"modified":"2022-04-02T22:34:37","modified_gmt":"2022-04-02T22:34:37","slug":"geiri","status":"publish","type":"page","link":"https:\/\/eldtaugar.is\/en\/geiri\/","title":{"rendered":"Who is Geiri"},"content":{"rendered":"<div class=\"inherit-container-width wp-block-group alignfull has-ast-global-color-4-background-color has-background is-layout-constrained wp-block-group-is-layout-constrained\"><div class=\"wp-block-group__inner-container\">\n<div class=\"wp-block-media-text alignwide is-stacked-on-mobile is-vertically-aligned-center is-image-fill has-ast-global-color-5-background-color has-background\"><figure class=\"wp-block-media-text__media\" style=\"background-image:url(https:\/\/eldtaugar.is\/wp-content\/uploads\/2022\/02\/GeiriWorking003.png);background-position:40% 69%\"><img loading=\"lazy\" decoding=\"async\" width=\"725\" height=\"800\" src=\"https:\/\/eldtaugar.is\/wp-content\/uploads\/2022\/02\/GeiriWorking003.png\" alt=\"\" class=\"wp-image-97 size-full\" srcset=\"https:\/\/eldtaugar.is\/wp-content\/uploads\/2022\/02\/GeiriWorking003.png 725w, https:\/\/eldtaugar.is\/wp-content\/uploads\/2022\/02\/GeiriWorking003-272x300.png 272w, https:\/\/eldtaugar.is\/wp-content\/uploads\/2022\/02\/GeiriWorking003-600x662.png 600w\" sizes=\"auto, (max-width: 725px) 100vw, 725px\" \/><\/figure><div class=\"wp-block-media-text__content\">\n<div class=\"wp-block-columns is-layout-flex wp-container-core-columns-is-layout-28f84493 wp-block-columns-is-layout-flex\">\n<div class=\"wp-block-column is-layout-flow wp-block-column-is-layout-flow\" style=\"flex-basis:100%\">\n<div class=\"inherit-container-width wp-block-group is-layout-constrained wp-block-group-is-layout-constrained\"><div class=\"wp-block-group__inner-container\">\n<h3 class=\"wp-block-heading\">Who is Geiri<\/h3>\n\n\n\n<p>\u00c1sgeir \u00c1sgeirsson, or Geirix as he is best known, has worked as a photographer for many years. He is best known for his news photography.<br>Before that, he worked as a multimedia designer and then a systems administrator.<\/p>\n\n\n\n<p>At first, \u00c1sgeir grew up in the South-Iceland county of Biskupstungur or \"Tungurnar\", more specifically in M\u00fali - within walking distance from the world famous Geysir (the origin of the English word \"geyser\"), where his maternal family had farmed for a long time.<br>He was a very hardworking boy and participated in all the major tasks on the farm. At the age of 6, he lifted hay bales, as if it were nothing, and threw them onto a wagon, he woke up at 7 in the morning to milk the cows and did all kinds of pranks.<\/p>\n\n\n\n<p>Inn \u00e1 milli dvaldi hann l\u00f6ngum stundum hj\u00e1 sveitungum annars vegar og fj\u00f6lskylduvinum \u00ed Reykjav\u00edk hins vegar, og eigna\u00f0ist me\u00f0 \u00fev\u00ed m\u00f3ti fr\u00e1b\u00e6r kj\u00f6rsystkin sem hann hefur haldi\u00f0 tengslum vi\u00f0 alla t\u00ed\u00f0 s\u00ed\u00f0an.<\/p>\n<\/div><\/div>\n<\/div>\n<\/div>\n<\/div><\/div>\n<\/div><\/div>\n\n\n\n<div class=\"inherit-container-width wp-block-group alignfull has-ast-global-color-5-background-color has-background is-layout-constrained wp-block-group-is-layout-constrained\"><div class=\"wp-block-group__inner-container\">\n<div class=\"wp-block-media-text alignwide has-media-on-the-right is-stacked-on-mobile is-vertically-aligned-center is-image-fill has-ast-global-color-5-background-color has-background\"><figure class=\"wp-block-media-text__media\" style=\"background-image:url(https:\/\/eldtaugar.is\/wp-content\/uploads\/2022\/02\/GeiriUngur001-998x1024.png);background-position:51% 10%\"><img loading=\"lazy\" decoding=\"async\" width=\"998\" height=\"1024\" src=\"https:\/\/eldtaugar.is\/wp-content\/uploads\/2022\/02\/GeiriUngur001-998x1024.png\" alt=\"\" class=\"wp-image-95 size-full\" srcset=\"https:\/\/eldtaugar.is\/wp-content\/uploads\/2022\/02\/GeiriUngur001-998x1024.png 998w, https:\/\/eldtaugar.is\/wp-content\/uploads\/2022\/02\/GeiriUngur001-293x300.png 293w, https:\/\/eldtaugar.is\/wp-content\/uploads\/2022\/02\/GeiriUngur001-768x788.png 768w, https:\/\/eldtaugar.is\/wp-content\/uploads\/2022\/02\/GeiriUngur001-600x615.png 600w, https:\/\/eldtaugar.is\/wp-content\/uploads\/2022\/02\/GeiriUngur001.png 1170w\" sizes=\"auto, (max-width: 998px) 100vw, 998px\" \/><\/figure><div class=\"wp-block-media-text__content\">\n<div class=\"wp-block-columns is-layout-flex wp-container-core-columns-is-layout-28f84493 wp-block-columns-is-layout-flex\">\n<div class=\"wp-block-column is-layout-flow wp-block-column-is-layout-flow\" style=\"flex-basis:100%\">\n<div class=\"inherit-container-width wp-block-group is-layout-constrained wp-block-group-is-layout-constrained\"><div class=\"wp-block-group__inner-container\">\n<h3 class=\"wp-block-heading\">The Teenage Years<\/h3>\n\n\n\n<p>Eftir alvarlega misnotkun sem hann var\u00f0 fyrir 13 \u00e1ra, \u00e1tti hann erfitt me\u00f0 tilfinningar og samskipti vi\u00f0 f\u00f3lk og leita\u00f0i \u00fe\u00e1 \u00ed b\u00e6kur. Telur hann sig enn \u00feann dag \u00ed dag <strong>eina<\/strong> nemandann sem lesi\u00f0 hafi <strong>hverja einustu b\u00f3k<\/strong> \u00e1 b\u00f3kasafni Grunnsk\u00f3lans \u00ed Hverager\u00f0i.<br>14 \u00e1ra gamall, \u00e1 me\u00f0an hann var enn \u00ed grunnsk\u00f3la, lauk \u00c1sgeir 2 einingum \u00ed forritun sem gildu til h\u00e1sk\u00f3lapr\u00f3fs.<\/p>\n\n\n\n<p>A\u00f0 grunnsk\u00f3la loknum s\u00f3tti \u00c1sgeir grunndeild rafi\u00f0na\u00f0ar vi\u00f0 Fj\u00f6lbrautask\u00f3la Su\u00f0urlands og bau\u00f0st einnig a\u00f0 sitja gl\u00e6n\u00fdtt n\u00e1m \u00ed margmi\u00f0lunar\u00adh\u00f6nnun hj\u00e1 Prent\u00adt\u00e6knistofnun samhli\u00f0a \u00fev\u00ed.<\/p>\n\n\n\n<p>L\u00e6r\u00f0i hann \u00fear allt fr\u00e1 lj\u00f3smyndun og framk\u00f6llun, \u00fer\u00edv\u00edddar\u00adh\u00f6nnun (VRML), prentun og prent\u00adt\u00e6kni o.s.frv.<\/p>\n\n\n\n<p>Keyr\u00f0i hann daglega fr\u00e1 Hverager\u00f0i til Selfoss \u00ed FSu, svo \u00fea\u00f0an til Reykjav\u00edkur \u00ed n\u00e1mi\u00f0 hj\u00e1 PTS og var kominn heim aftur upp \u00far 11 \u00e1 kv\u00f6ldin.<\/p>\n<\/div><\/div>\n<\/div>\n<\/div>\n<\/div><\/div>\n<\/div><\/div>\n\n\n\n<div class=\"inherit-container-width wp-block-group alignfull has-ast-global-color-4-background-color has-background is-layout-constrained wp-block-group-is-layout-constrained\"><div class=\"wp-block-group__inner-container\">\n<div class=\"wp-block-media-text alignwide is-stacked-on-mobile is-vertically-aligned-center is-image-fill has-ast-global-color-5-background-color has-background\"><figure class=\"wp-block-media-text__media\" style=\"background-image:url(https:\/\/eldtaugar.is\/wp-content\/uploads\/2022\/02\/Endatafl.png);background-position:50% 50%\"><img loading=\"lazy\" decoding=\"async\" width=\"800\" height=\"640\" src=\"https:\/\/eldtaugar.is\/wp-content\/uploads\/2022\/02\/Endatafl.png\" alt=\"\" class=\"wp-image-92 size-full\" srcset=\"https:\/\/eldtaugar.is\/wp-content\/uploads\/2022\/02\/Endatafl.png 800w, https:\/\/eldtaugar.is\/wp-content\/uploads\/2022\/02\/Endatafl-300x240.png 300w, https:\/\/eldtaugar.is\/wp-content\/uploads\/2022\/02\/Endatafl-768x614.png 768w, https:\/\/eldtaugar.is\/wp-content\/uploads\/2022\/02\/Endatafl-600x480.png 600w\" sizes=\"auto, (max-width: 800px) 100vw, 800px\" \/><\/figure><div class=\"wp-block-media-text__content\">\n<div class=\"wp-block-columns is-layout-flex wp-container-core-columns-is-layout-28f84493 wp-block-columns-is-layout-flex\">\n<div class=\"wp-block-column is-layout-flow wp-block-column-is-layout-flow\" style=\"flex-basis:100%\">\n<div class=\"inherit-container-width wp-block-group is-layout-constrained wp-block-group-is-layout-constrained\"><div class=\"wp-block-group__inner-container\">\n<h3 class=\"wp-block-heading\">Listin kemur til bjargar<\/h3>\n\n\n\n<p>Geiri hefur einnig alltaf haft mikla \u00e1str\u00ed\u00f0u fyrir listum.<\/p>\n\n\n\n<p>\u00c1 s\u00ednum yngri \u00e1rum eyddi hann miklum t\u00edma \u00ed leikh\u00fasum Hverager\u00f0is og Selfoss, \u00fear sem hann starfa\u00f0i sem lj\u00f3sama\u00f0ur. Nota\u00f0i hann t\u00e6kif\u00e6ri\u00f0 \u00fear og l\u00e6r\u00f0i \u00e1 tilfinningar og tj\u00e1ningu \u00e1 n\u00fd eftir ofbeldi\u00f0 sem hann haf\u00f0i or\u00f0i\u00f0 fyrir 13 \u00e1ra.<\/p>\n\n\n\n<p>\u00c1ratugum s\u00ed\u00f0ar sneri hann aftur \u00ed leikh\u00fasi\u00f0, en a\u00f0 \u00feessu sinni me\u00f0 myndav\u00e9lar a\u00f0 vopni, b\u00e6\u00f0i stafr\u00e6nar og filmu.<br>Mynda\u00f0i hann miki\u00f0 starfsemi Tjarnarb\u00ed\u00f3s og minni leikh\u00f3panna \u00fear. Var \u00fe\u00e1 yfirleitt um sj\u00e1lfbo\u00f0avinnu a\u00f0 r\u00e6\u00f0a, nema ef st\u00f3rar s\u00fdningar voru \u00ed kortunum og hann f\u00e9kk ekkert val um a\u00f0 f\u00e1 greitt fyrir sitt starf.<\/p>\n\n\n\n<p>Enn \u00feann dag \u00ed dag n\u00fdtur hann vin\u00e1ttu og trausts \u00feessa gr\u00ed\u00f0arlega st\u00f3ra h\u00f3ps, enda vir\u00f0ist hann soga a\u00f0 s\u00e9r vini eins og svampur \u00ed vatni!<\/p>\n<\/div><\/div>\n<\/div>\n<\/div>\n<\/div><\/div>\n<\/div><\/div>\n\n\n\n<div class=\"inherit-container-width wp-block-group alignfull has-ast-global-color-5-background-color has-background is-layout-constrained wp-block-group-is-layout-constrained\"><div class=\"wp-block-group__inner-container\">\n<div class=\"wp-block-media-text alignwide has-media-on-the-right is-stacked-on-mobile is-vertically-aligned-center is-image-fill has-ast-global-color-5-background-color has-background\"><figure class=\"wp-block-media-text__media\" style=\"background-image:url(https:\/\/eldtaugar.is\/wp-content\/uploads\/2022\/02\/DrawingSessions.png);background-position:60% 49%\"><img loading=\"lazy\" decoding=\"async\" width=\"800\" height=\"640\" src=\"https:\/\/eldtaugar.is\/wp-content\/uploads\/2022\/02\/DrawingSessions.png\" alt=\"\" class=\"wp-image-94 size-full\" srcset=\"https:\/\/eldtaugar.is\/wp-content\/uploads\/2022\/02\/DrawingSessions.png 800w, https:\/\/eldtaugar.is\/wp-content\/uploads\/2022\/02\/DrawingSessions-300x240.png 300w, https:\/\/eldtaugar.is\/wp-content\/uploads\/2022\/02\/DrawingSessions-768x614.png 768w, https:\/\/eldtaugar.is\/wp-content\/uploads\/2022\/02\/DrawingSessions-600x480.png 600w\" sizes=\"auto, (max-width: 800px) 100vw, 800px\" \/><\/figure><div class=\"wp-block-media-text__content\">\n<div class=\"wp-block-columns is-layout-flex wp-container-core-columns-is-layout-28f84493 wp-block-columns-is-layout-flex\">\n<div class=\"wp-block-column is-layout-flow wp-block-column-is-layout-flow\" style=\"flex-basis:100%\">\n<div class=\"inherit-container-width wp-block-group is-layout-constrained wp-block-group-is-layout-constrained\"><div class=\"wp-block-group__inner-container\">\n<p>\u00cd Tjarnarb\u00ed\u00f3i kynntist hann einnig fj\u00f6lda myndlistarmanna sem um t\u00edma h\u00f6f\u00f0u \u00fear a\u00f0st\u00f6\u00f0u fyrir m\u00f3del session, \u00fear sem l\u00edtill h\u00f3pur kom saman og teiknu\u00f0u e\u00f0a m\u00e1lu\u00f0u m\u00f3del sem s\u00e1tu fyrir fyrir h\u00f3pinn.<\/p>\n\n\n\n<p>\u00c1sgeir s\u00e1 \u00fearna kj\u00f6ri\u00f0 t\u00e6kif\u00e6ri til a\u00f0 b\u00e6\u00f0i skr\u00e1setja sk\u00f6punarferli listamannanna, samskipti \u00feeirra vi\u00f0 m\u00f3delin s\u00edn, og eins skapa nokkur listaverk sj\u00e1lfur.<br>H\u00e9lt hann me\u00f0al annars s\u00fdningu \u00ed Galler\u00ed Fold me\u00f0 myndum fr\u00e1 \u00feessum samkomum, og gaf einnig \u00fat b\u00f3k \u00ed takm\u00f6rku\u00f0u upplagi samhli\u00f0a.<\/p>\n<\/div><\/div>\n<\/div>\n<\/div>\n<\/div><\/div>\n<\/div><\/div>\n\n\n\n<div class=\"wp-block-group alignfull is-layout-flow wp-block-group-is-layout-flow\"><div class=\"wp-block-group__inner-container\">\n<h4 class=\"has-text-align-center wp-block-heading\">S\u00ed\u00f0an er enn \u00ed vinnslu&#8230;<\/h4>\n\n\n\n<h3 class=\"has-text-align-center wp-block-heading\">&#8230;OG SAGAN \u00deV\u00cd EKKI \u00d6LL S\u00d6G\u00d0 ENN<\/h3>\n\n\n\n<div style=\"height:50px\" aria-hidden=\"true\" class=\"wp-block-spacer\"><\/div>\n<\/div><\/div>","protected":false},"excerpt":{"rendered":"<p>Hver er Geiri? \u00c1sgeir \u00c1sgeirsson, e\u00f0a Geirix eins og hann er \u00feekktastur, hefur starfa\u00f0 til margra \u00e1ra sem lj\u00f3smyndari. \u00deekktastur er hann fyrir fr\u00e9ttalj\u00f3smyndun s\u00edna.\u00dear \u00e1\u00f0ur starfa\u00f0i hann sem margmi\u00f0lunarh\u00f6nnu\u00f0ur og svo kerfisstj\u00f3ri. Fyrst um sinn \u00f3lst \u00c1sgeir upp \u00ed Tungunum, n\u00e1nar tilteki\u00f0 \u00e1 M\u00fala, \u00fea\u00f0an sem m\u00f3\u00f0ur\u00e6tt hans rak b\u00fa lengi.Var hann mikill dugna\u00f0ar [&hellip;]<\/p>","protected":false},"author":2,"featured_media":122,"parent":0,"menu_order":0,"comment_status":"closed","ping_status":"closed","template":"","meta":{"tpgb_global_settings":"","_uag_custom_page_level_css":"","_monsterinsights_skip_tracking":false,"_monsterinsights_sitenote_active":false,"_monsterinsights_sitenote_note":"","_monsterinsights_sitenote_category":0,"site-sidebar-layout":"default","site-content-layout":"","ast-site-content-layout":"default","site-content-style":"default","site-sidebar-style":"default","ast-global-header-display":"","ast-banner-title-visibility":"","ast-main-header-display":"","ast-hfb-above-header-display":"","ast-hfb-below-header-display":"","ast-hfb-mobile-header-display":"","site-post-title":"disabled","ast-breadcrumbs-content":"","ast-featured-img":"","footer-sml-layout":"","ast-disable-related-posts":"","theme-transparent-header-meta":"enabled","adv-header-id-meta":"","stick-header-meta":"","header-above-stick-meta":"","header-main-stick-meta":"","header-below-stick-meta":"","astra-migrate-meta-layouts":"default","ast-page-background-enabled":"default","ast-page-background-meta":{"desktop":{"background-color":"var(--ast-global-color-4)","background-image":"","background-repeat":"repeat","background-position":"center center","background-size":"auto","background-attachment":"scroll","background-type":"","background-media":"","overlay-type":"","overlay-color":"","overlay-opacity":"","overlay-gradient":""},"tablet":{"background-color":"","background-image":"","background-repeat":"repeat","background-position":"center center","background-size":"auto","background-attachment":"scroll","background-type":"","background-media":"","overlay-type":"","overlay-color":"","overlay-opacity":"","overlay-gradient":""},"mobile":{"background-color":"","background-image":"","background-repeat":"repeat","background-position":"center center","background-size":"auto","background-attachment":"scroll","background-type":"","background-media":"","overlay-type":"","overlay-color":"","overlay-opacity":"","overlay-gradient":""}},"ast-content-background-meta":{"desktop":{"background-color":"var(--ast-global-color-5)","background-image":"","background-repeat":"repeat","background-position":"center center","background-size":"auto","background-attachment":"scroll","background-type":"","background-media":"","overlay-type":"","overlay-color":"","overlay-opacity":"","overlay-gradient":""},"tablet":{"background-color":"var(--ast-global-color-5)","background-image":"","background-repeat":"repeat","background-position":"center center","background-size":"auto","background-attachment":"scroll","background-type":"","background-media":"","overlay-type":"","overlay-color":"","overlay-opacity":"","overlay-gradient":""},"mobile":{"background-color":"var(--ast-global-color-5)","background-image":"","background-repeat":"repeat","background-position":"center center","background-size":"auto","background-attachment":"scroll","background-type":"","background-media":"","overlay-type":"","overlay-color":"","overlay-opacity":"","overlay-gradient":""}},"footnotes":""},"class_list":["post-76","page","type-page","status-publish","has-post-thumbnail","hentry"],"aioseo_notices":[],"tpgb_featured_images":{"full":["https:\/\/eldtaugar.is\/wp-content\/uploads\/2022\/02\/header001.png",1920,1100,false],"tp-image-grid":["https:\/\/eldtaugar.is\/wp-content\/uploads\/2022\/02\/header001-700x700.png",700,700,true],"thumbnail":["https:\/\/eldtaugar.is\/wp-content\/uploads\/2022\/02\/header001-150x150.png",150,150,true],"medium":["https:\/\/eldtaugar.is\/wp-content\/uploads\/2022\/02\/header001-300x172.png",300,172,true],"medium_large":["https:\/\/eldtaugar.is\/wp-content\/uploads\/2022\/02\/header001-768x440.png",768,440,true],"large":["https:\/\/eldtaugar.is\/wp-content\/uploads\/2022\/02\/header001-1024x587.png",1024,587,true],"default":"https:\/\/eldtaugar.is\/wp-content\/plugins\/the-plus-addons-for-block-editor\/assets\/images\/tpgb-placeholder.jpg"},"tpgb_post_meta_info":{"get_date":"February 24, 2022","get_modified_date":"April 2, 2022","author_name":"RosaBraga","author_url":"https:\/\/eldtaugar.is\/en\/author\/rosabraga-2\/","author_email":"rosa@ryni.design","author_website":"","author_description":"","author_facebook":"","author_twitter":"","author_instagram":"","author_role":["administrator"],"author_firstname":"","author_lastname":"","user_login":"RosaBraga","author_avatar":"<img alt='' src='https:\/\/secure.gravatar.com\/avatar\/196d41ff357ba5900001c5113dec615df075ef294d8ac529877a77c0d650b703?s=200&#038;d=mm&#038;r=g' srcset='https:\/\/secure.gravatar.com\/avatar\/196d41ff357ba5900001c5113dec615df075ef294d8ac529877a77c0d650b703?s=400&#038;d=mm&#038;r=g 2x' class='avatar avatar-200 photo' height='200' width='200' loading='lazy' decoding='async'\/>","author_avatar_url":"https:\/\/secure.gravatar.com\/avatar\/196d41ff357ba5900001c5113dec615df075ef294d8ac529877a77c0d650b703?s=96&d=mm&r=g","comment_count":0,"post_likes":0,"post_views":0},"tpgb_post_category":[],"uagb_featured_image_src":{"full":["https:\/\/eldtaugar.is\/wp-content\/uploads\/2022\/02\/header001.png",1920,1100,false],"thumbnail":["https:\/\/eldtaugar.is\/wp-content\/uploads\/2022\/02\/header001-150x150.png",150,150,true],"medium":["https:\/\/eldtaugar.is\/wp-content\/uploads\/2022\/02\/header001-300x172.png",300,172,true],"medium_large":["https:\/\/eldtaugar.is\/wp-content\/uploads\/2022\/02\/header001-768x440.png",768,440,true],"large":["https:\/\/eldtaugar.is\/wp-content\/uploads\/2022\/02\/header001-1024x587.png",1024,587,true],"1536x1536":["https:\/\/eldtaugar.is\/wp-content\/uploads\/2022\/02\/header001-1536x880.png",1536,880,true],"2048x2048":["https:\/\/eldtaugar.is\/wp-content\/uploads\/2022\/02\/header001.png",1920,1100,false],"trp-custom-language-flag":["https:\/\/eldtaugar.is\/wp-content\/uploads\/2022\/02\/header001.png",18,10,false],"tp-image-grid":["https:\/\/eldtaugar.is\/wp-content\/uploads\/2022\/02\/header001-700x700.png",700,700,true],"woocommerce_thumbnail":["https:\/\/eldtaugar.is\/wp-content\/uploads\/2022\/02\/header001-300x300.png",300,300,true],"woocommerce_single":["https:\/\/eldtaugar.is\/wp-content\/uploads\/2022\/02\/header001-600x344.png",600,344,true],"woocommerce_gallery_thumbnail":["https:\/\/eldtaugar.is\/wp-content\/uploads\/2022\/02\/header001-100x100.png",100,100,true]},"uagb_author_info":{"display_name":"RosaBraga","author_link":"https:\/\/eldtaugar.is\/en\/author\/rosabraga-2\/"},"uagb_comment_info":0,"uagb_excerpt":"Hver er Geiri? \u00c1sgeir \u00c1sgeirsson, e\u00f0a Geirix eins og hann er \u00feekktastur, hefur starfa\u00f0 til margra \u00e1ra sem lj\u00f3smyndari. \u00deekktastur er hann fyrir fr\u00e9ttalj\u00f3smyndun s\u00edna.\u00dear \u00e1\u00f0ur starfa\u00f0i hann sem margmi\u00f0lunarh\u00f6nnu\u00f0ur og svo kerfisstj\u00f3ri. Fyrst um sinn \u00f3lst \u00c1sgeir upp \u00ed Tungunum, n\u00e1nar tilteki\u00f0 \u00e1 M\u00fala, \u00fea\u00f0an sem m\u00f3\u00f0ur\u00e6tt hans rak b\u00fa lengi.Var hann mikill dugna\u00f0ar&hellip;","_links":{"self":[{"href":"https:\/\/eldtaugar.is\/en\/wp-json\/wp\/v2\/pages\/76","targetHints":{"allow":["GET"]}}],"collection":[{"href":"https:\/\/eldtaugar.is\/en\/wp-json\/wp\/v2\/pages"}],"about":[{"href":"https:\/\/eldtaugar.is\/en\/wp-json\/wp\/v2\/types\/page"}],"author":[{"embeddable":true,"href":"https:\/\/eldtaugar.is\/en\/wp-json\/wp\/v2\/users\/2"}],"replies":[{"embeddable":true,"href":"https:\/\/eldtaugar.is\/en\/wp-json\/wp\/v2\/comments?post=76"}],"version-history":[{"count":31,"href":"https:\/\/eldtaugar.is\/en\/wp-json\/wp\/v2\/pages\/76\/revisions"}],"predecessor-version":[{"id":283,"href":"https:\/\/eldtaugar.is\/en\/wp-json\/wp\/v2\/pages\/76\/revisions\/283"}],"wp:featuredmedia":[{"embeddable":true,"href":"https:\/\/eldtaugar.is\/en\/wp-json\/wp\/v2\/media\/122"}],"wp:attachment":[{"href":"https:\/\/eldtaugar.is\/en\/wp-json\/wp\/v2\/media?parent=76"}],"curies":[{"name":"wp","href":"https:\/\/api.w.org\/{rel}","templated":true}]}}