{"id":63,"date":"2022-02-21T13:13:56","date_gmt":"2022-02-21T13:13:56","guid":{"rendered":"https:\/\/eldtaugar.is\/?page_id=63"},"modified":"2022-03-13T12:36:52","modified_gmt":"2022-03-13T12:36:52","slug":"forsida","status":"publish","type":"page","link":"https:\/\/eldtaugar.is\/en\/","title":{"rendered":"Home"},"content":{"rendered":"<div class=\"wp-block-cover alignfull\"><span aria-hidden=\"true\" class=\"has-ast-global-color-1-background-color has-background-dim-40 wp-block-cover__gradient-background has-background-dim\"><\/span><img loading=\"lazy\" decoding=\"async\" width=\"1920\" height=\"889\" class=\"wp-block-cover__image-background wp-image-60\" alt=\"\" src=\"https:\/\/eldtaugar.is\/wp-content\/uploads\/2022\/02\/mosaic-cover02.png\" style=\"object-position:71% 57%\" data-object-fit=\"cover\" data-object-position=\"71% 57%\" srcset=\"https:\/\/eldtaugar.is\/wp-content\/uploads\/2022\/02\/mosaic-cover02.png 1920w, https:\/\/eldtaugar.is\/wp-content\/uploads\/2022\/02\/mosaic-cover02-300x139.png 300w, https:\/\/eldtaugar.is\/wp-content\/uploads\/2022\/02\/mosaic-cover02-1024x474.png 1024w, https:\/\/eldtaugar.is\/wp-content\/uploads\/2022\/02\/mosaic-cover02-768x356.png 768w, https:\/\/eldtaugar.is\/wp-content\/uploads\/2022\/02\/mosaic-cover02-1536x711.png 1536w, https:\/\/eldtaugar.is\/wp-content\/uploads\/2022\/02\/mosaic-cover02-600x278.png 600w\" sizes=\"auto, (max-width: 1920px) 100vw, 1920px\" \/><div class=\"wp-block-cover__inner-container is-layout-flow wp-block-cover-is-layout-flow\">\n<div class=\"inherit-container-width wp-block-group is-layout-constrained wp-block-group-is-layout-constrained\"><div class=\"wp-block-group__inner-container\">\n<div class=\"wp-block-columns are-vertically-aligned-center is-layout-flex wp-container-core-columns-is-layout-28f84493 wp-block-columns-is-layout-flex\">\n<div class=\"wp-block-column is-vertically-aligned-center is-layout-flow wp-block-column-is-layout-flow\">\n<h1 class=\"has-white-color has-text-color wp-block-heading\" id=\"fjarsofnun-tilmedferdar-geiravid-crps\">Fj\u00e1rs\u00f6fnun til<br>me\u00f0fer\u00f0ar Geira<br>vi\u00f0 CRPS.<\/h1>\n\n\n\n<div style=\"height:45px\" aria-hidden=\"true\" class=\"wp-block-spacer\"><\/div>\n\n\n\n<div class=\"wp-block-buttons is-layout-flex wp-block-buttons-is-layout-flex\">\n<div class=\"wp-block-button is-style-fill\"><a class=\"wp-block-button__link\" href=\"#reikningur\">Styrkja<\/a><\/div>\n\n\n\n<div class=\"wp-block-button is-style-fill\"><a class=\"wp-block-button__link has-ast-global-color-3-color has-ast-global-color-5-background-color has-text-color has-background\" href=\"https:\/\/eldtaugar.is\/en\/geiri\/\">Lesa meira<\/a><\/div>\n<\/div>\n<\/div>\n\n\n\n<div class=\"wp-block-column is-vertically-aligned-center is-layout-flow wp-block-column-is-layout-flow\"><\/div>\n<\/div>\n<\/div><\/div>\n<\/div><\/div>\n\n\n\n<div class=\"wp-block-cover alignfull\"><span aria-hidden=\"true\" class=\"has-ast-global-color-0-background-color has-background-dim-100 wp-block-cover__gradient-background has-background-dim\"><\/span><div class=\"wp-block-cover__inner-container is-layout-flow wp-block-cover-is-layout-flow\">\n<div id=\"reikningur\" class=\"inherit-container-width wp-block-group is-layout-constrained wp-block-group-is-layout-constrained\"><div class=\"wp-block-group__inner-container\">\n<h2 class=\"has-text-align-center wp-block-heading\"><span style=\"text-decoration: underline;\">S\u00f6fnunarreikningur:<\/span><\/h2>\n\n\n\n<p class=\"has-text-align-center\">Styrktarsj\u00f3\u00f0urinn Eldtaugar<br>Kennitala: 620222-0890<br>Bankareikningur: 0370 &#8211; 22 &#8211; 042668<\/p>\n<\/div><\/div>\n<\/div><\/div>\n\n\n\n<div class=\"inherit-container-width wp-block-group is-layout-constrained wp-block-group-is-layout-constrained\"><div class=\"wp-block-group__inner-container\">\n<h4 class=\"has-text-align-center wp-block-heading\">S\u00ed\u00f0an er enn \u00ed vinnslu&#8230;<\/h4>\n\n\n\n<h3 class=\"has-text-align-center wp-block-heading\">&#8230;OG SAGAN \u00deV\u00cd EKKI \u00d6LL S\u00d6G\u00d0 ENN<\/h3>\n<\/div><\/div>\n\n\n\n<p><\/p>","protected":false},"excerpt":{"rendered":"<p>S\u00ed\u00f0an er enn \u00ed vinnslu&#8230; &#8230;OG SAGAN \u00deV\u00cd EKKI \u00d6LL S\u00d6G\u00d0 ENN<\/p>","protected":false},"author":2,"featured_media":0,"parent":0,"menu_order":0,"comment_status":"closed","ping_status":"closed","template":"","meta":{"tpgb_global_settings":"","_uag_custom_page_level_css":"","_monsterinsights_skip_tracking":false,"_monsterinsights_sitenote_active":false,"_monsterinsights_sitenote_note":"","_monsterinsights_sitenote_category":0,"site-sidebar-layout":"default","site-content-layout":"","ast-site-content-layout":"default","site-content-style":"default","site-sidebar-style":"default","ast-global-header-display":"","ast-banner-title-visibility":"","ast-main-header-display":"","ast-hfb-above-header-display":"","ast-hfb-below-header-display":"","ast-hfb-mobile-header-display":"","site-post-title":"disabled","ast-breadcrumbs-content":"","ast-featured-img":"","footer-sml-layout":"","ast-disable-related-posts":"","theme-transparent-header-meta":"enabled","adv-header-id-meta":"","stick-header-meta":"","header-above-stick-meta":"","header-main-stick-meta":"","header-below-stick-meta":"","astra-migrate-meta-layouts":"default","ast-page-background-enabled":"default","ast-page-background-meta":{"desktop":{"background-color":"var(--ast-global-color-4)","background-image":"","background-repeat":"repeat","background-position":"center center","background-size":"auto","background-attachment":"scroll","background-type":"","background-media":"","overlay-type":"","overlay-color":"","overlay-opacity":"","overlay-gradient":""},"tablet":{"background-color":"","background-image":"","background-repeat":"repeat","background-position":"center center","background-size":"auto","background-attachment":"scroll","background-type":"","background-media":"","overlay-type":"","overlay-color":"","overlay-opacity":"","overlay-gradient":""},"mobile":{"background-color":"","background-image":"","background-repeat":"repeat","background-position":"center center","background-size":"auto","background-attachment":"scroll","background-type":"","background-media":"","overlay-type":"","overlay-color":"","overlay-opacity":"","overlay-gradient":""}},"ast-content-background-meta":{"desktop":{"background-color":"var(--ast-global-color-5)","background-image":"","background-repeat":"repeat","background-position":"center center","background-size":"auto","background-attachment":"scroll","background-type":"","background-media":"","overlay-type":"","overlay-color":"","overlay-opacity":"","overlay-gradient":""},"tablet":{"background-color":"var(--ast-global-color-5)","background-image":"","background-repeat":"repeat","background-position":"center center","background-size":"auto","background-attachment":"scroll","background-type":"","background-media":"","overlay-type":"","overlay-color":"","overlay-opacity":"","overlay-gradient":""},"mobile":{"background-color":"var(--ast-global-color-5)","background-image":"","background-repeat":"repeat","background-position":"center center","background-size":"auto","background-attachment":"scroll","background-type":"","background-media":"","overlay-type":"","overlay-color":"","overlay-opacity":"","overlay-gradient":""}},"footnotes":""},"class_list":["post-63","page","type-page","status-publish","hentry"],"aioseo_notices":[],"tpgb_featured_images":null,"tpgb_post_meta_info":{"get_date":"February 21, 2022","get_modified_date":"March 13, 2022","author_name":"RosaBraga","author_url":"https:\/\/eldtaugar.is\/en\/author\/rosabraga-2\/","author_email":"rosa@ryni.design","author_website":"","author_description":"","author_facebook":"","author_twitter":"","author_instagram":"","author_role":["administrator"],"author_firstname":"","author_lastname":"","user_login":"RosaBraga","author_avatar":"<img alt='' src='https:\/\/secure.gravatar.com\/avatar\/196d41ff357ba5900001c5113dec615df075ef294d8ac529877a77c0d650b703?s=200&#038;d=mm&#038;r=g' srcset='https:\/\/secure.gravatar.com\/avatar\/196d41ff357ba5900001c5113dec615df075ef294d8ac529877a77c0d650b703?s=400&#038;d=mm&#038;r=g 2x' class='avatar avatar-200 photo' height='200' width='200' loading='lazy' decoding='async'\/>","author_avatar_url":"https:\/\/secure.gravatar.com\/avatar\/196d41ff357ba5900001c5113dec615df075ef294d8ac529877a77c0d650b703?s=96&d=mm&r=g","comment_count":0,"post_likes":0,"post_views":0},"tpgb_post_category":[],"uagb_featured_image_src":{"full":false,"thumbnail":false,"medium":false,"medium_large":false,"large":false,"1536x1536":false,"2048x2048":false,"trp-custom-language-flag":false,"tp-image-grid":false,"woocommerce_thumbnail":false,"woocommerce_single":false,"woocommerce_gallery_thumbnail":false},"uagb_author_info":{"display_name":"RosaBraga","author_link":"https:\/\/eldtaugar.is\/en\/author\/rosabraga-2\/"},"uagb_comment_info":0,"uagb_excerpt":"S\u00ed\u00f0an er enn \u00ed vinnslu&#8230; &#8230;OG SAGAN \u00deV\u00cd EKKI \u00d6LL S\u00d6G\u00d0 ENN","_links":{"self":[{"href":"https:\/\/eldtaugar.is\/en\/wp-json\/wp\/v2\/pages\/63","targetHints":{"allow":["GET"]}}],"collection":[{"href":"https:\/\/eldtaugar.is\/en\/wp-json\/wp\/v2\/pages"}],"about":[{"href":"https:\/\/eldtaugar.is\/en\/wp-json\/wp\/v2\/types\/page"}],"author":[{"embeddable":true,"href":"https:\/\/eldtaugar.is\/en\/wp-json\/wp\/v2\/users\/2"}],"replies":[{"embeddable":true,"href":"https:\/\/eldtaugar.is\/en\/wp-json\/wp\/v2\/comments?post=63"}],"version-history":[{"count":12,"href":"https:\/\/eldtaugar.is\/en\/wp-json\/wp\/v2\/pages\/63\/revisions"}],"predecessor-version":[{"id":359,"href":"https:\/\/eldtaugar.is\/en\/wp-json\/wp\/v2\/pages\/63\/revisions\/359"}],"wp:attachment":[{"href":"https:\/\/eldtaugar.is\/en\/wp-json\/wp\/v2\/media?parent=63"}],"curies":[{"name":"wp","href":"https:\/\/api.w.org\/{rel}","templated":true}]}}