{"id":246,"date":"2022-03-18T12:45:08","date_gmt":"2022-03-18T12:45:08","guid":{"rendered":"https:\/\/eldtaugar.is\/?page_id=246"},"modified":"2022-04-18T21:23:16","modified_gmt":"2022-04-18T21:23:16","slug":"skilmalar","status":"publish","type":"page","link":"https:\/\/eldtaugar.is\/en\/skilmalar\/","title":{"rendered":"Skilm\u00e1lar &#038; pers\u00f3nuverndarstefna"},"content":{"rendered":"<h3 class=\"wp-block-heading\">Almennt<\/h3>\n\n\n\n<p>Styrktarsj\u00f3\u00f0urinn Eldtaugar hefur einsett s\u00e9r a\u00f0 tryggja tr\u00fana\u00f0, \u00e1rei\u00f0anleika og tilt\u00e6kileika pers\u00f3nuuppl\u00fdsinga \u00ed hv\u00edvetna.<\/p>\n\n\n\n<p>\u00cd pers\u00f3nuverndarstefnu \u00feessari er \u00fev\u00ed l\u00fdst hvernig Styrktarsj\u00f3\u00f0urinn Eldtaugar vinnur me\u00f0 pers\u00f3nuuppl\u00fdsingar vi\u00f0skiptavina sinna. \u00d6ll vinnsla f\u00e9lagsins \u00e1 pers\u00f3nuuppl\u00fdsingum fer fram \u00e1 grundvelli laga nr. 90\/2018 um pers\u00f3nuvernd og vinnslu pers\u00f3nuuppl\u00fdsinga (\u201epers\u00f3nuverndarl\u00f6g\u201c).<\/p>\n\n\n\n<p>Me\u00f0 pers\u00f3nuuppl\u00fdsingum er \u00e1tt vi\u00f0 allar uppl\u00fdsingar sem h\u00e6gt er a\u00f0 rekja til tiltekins einstaklings. H\u00e9r m\u00e1 nefna uppl\u00fdsingar \u00e1 bor\u00f0 vi\u00f0 nafn, kennit\u00f6lu, heimilisfang, s\u00edman\u00famer, netfang, myndefni, netau\u00f0kenni, samskipti, b\u00edln\u00famer og fleira. \u00cd 2. tl. 3. gr. pers\u00f3nuverndarlaga m\u00e1 finna n\u00e1nari \u00fatlistun \u00e1 \u00fev\u00ed hva\u00f0 fellur undir hugtaki\u00f0 pers\u00f3nuuppl\u00fdsingar.<\/p>\n\n\n\n<p>Me\u00f0 vinnslu \u00e1 pers\u00f3nuuppl\u00fdsingum er \u00e1tt vi\u00f0 a\u00f0ger\u00f0 e\u00f0a r\u00f6\u00f0 a\u00f0ger\u00f0a \u00fear sem unni\u00f0 er me\u00f0 pers\u00f3nuuppl\u00fdsingar. Sem d\u00e6mi um vinnslu \u00e1 pers\u00f3nuuppl\u00fdsingum m\u00e1 nefna s\u00f6fnun \u00feeirra, skr\u00e1ningu, var\u00f0veislu, breytingu, mi\u00f0lun, notkun, sko\u00f0un og fleira. \u00cd 4. tl. 3. gr. pers\u00f3nuverndarlaga er n\u00e1nar \u00fatsk\u00fdrt hva\u00f0 fellur undir hugtaki\u00f0 \u201evinnsla\u201c.<\/p>\n\n\n\n<h3 class=\"wp-block-heading\">\u00c1byrg\u00f0ara\u00f0ili<\/h3>\n\n\n\n<p>\u00c1byrg\u00f0ara\u00f0ili vi\u00f0 vinnslu pers\u00f3nuuppl\u00fdsinga er s\u00e1 a\u00f0ili sem \u00e1kve\u00f0ur tilgang og a\u00f0fer\u00f0ir vi\u00f0 vinnsluna, sbr. 6. tl. 3. gr. pers\u00f3nuverndarlaga. Styrktarsj\u00f3\u00f0urinn Eldtaugar er \u00ed hlutverki \u00e1byrg\u00f0ara\u00f0ila \u00feegar kemur a\u00f0 vinnslu pers\u00f3nuuppl\u00fdsinga um styrktara\u00f0ila f\u00e9lagsins.<\/p>\n\n\n\n<h3 class=\"wp-block-heading\">Samskiptauppl\u00fdsingar Styrktarsj\u00f3\u00f0sins Eldtauga:<\/h3>\n\n\n\n<p class=\"marginL50\">Styrktarsj\u00f3\u00f0urinn Eldtaugar<br>Kennitala: 620222-2890<br>Hraunb\u00e6r 111, 110 Reykjav\u00edk<br>S\u00edman\u00famer: 777-7672<br>Netfang: <a href=\"mailto:eldtaugar@eldtaugar.is\" rel=\"nofollow\">eldtaugar@eldtaugar.is<\/a><\/p>\n\n\n\n<h3 class=\"wp-block-heading\">Hva\u00f0 er skr\u00e1\u00f0 um \u00feig hj\u00e1 Styrktarsj\u00f3\u00f0inum?<\/h3>\n\n\n\n<h4 class=\"wp-block-heading\">\u00deegar \u00fe\u00fa verslar \u00ed gegnum vefverslun okkar<\/h4>\n\n\n\n<p>Styrktara\u00f0ilar Styrktarsj\u00f3\u00f0sins geta styrkt sj\u00f3\u00f0inn \u00ed gegnum vefverslun f\u00e9lagsins. \u00deegar styrkt er \u00ed gegnum vefverslun safnar f\u00e9lagi\u00f0, eftir \u00fe\u00f6rfum, uppl\u00fdsingum um nafn, kennit\u00f6lu, s\u00edman\u00famer, heimilisfang, p\u00f3stn\u00famer, netfang, upph\u00e6\u00f0 styrks og sta\u00f0festingu \u00e1 \u00fev\u00ed a\u00f0 grei\u00f0sla hafi fari\u00f0 fram.<\/p>\n\n\n\n<p>Tilgangurinn me\u00f0 s\u00f6fnun \u00feessara uppl\u00fdsinga er til a\u00f0 halda utan um hverjir hafa styrkt f\u00e9lagi\u00f0, en einnig fyrir b\u00f3khald. Sty\u00f0st vinnsla pers\u00f3nuuppl\u00fdsinga \u00ed \u00feessu tilfelli vi\u00f0 \u00ed heimild \u00ed 2. tl. 9. gr. pers\u00f3nuverndarlaga.<\/p>\n\n\n\n<h4 class=\"wp-block-heading\">\u00deegar \u00fe\u00fa skr\u00e1ir \u00feig \u00e1 p\u00f3stlista<\/h4>\n\n\n\n<p>\u00c1 heimas\u00ed\u00f0u okkar getur \u00fe\u00fa skr\u00e1\u00f0 \u00feig \u00e1 p\u00f3stlista ef \u00fe\u00fa hefur \u00e1huga \u00e1 a\u00f0 f\u00e1 uppl\u00fdsingar um framgang s\u00f6fnunarinnar og starfsemi f\u00e9lagsins. Vinnsla \u00e1 pers\u00f3nuuppl\u00fdsingum byggir \u00fe\u00e1 \u00e1 sam\u00feykki \u00fe\u00ednu, sbr. 1. tl. 9. gr. pers\u00f3nuverndarlaga.<\/p>\n\n\n\n<h4 class=\"wp-block-heading\">\u00deegar \u00fe\u00fa sendir okkur t\u00f6lvup\u00f3st e\u00f0a hefur samband \u00ed gegnum heims\u00ed\u00f0u<\/h4>\n\n\n\n<p>\u00de\u00fa getur sent okkur t\u00f6lvup\u00f3st e\u00f0a fyrirspurn \u00ed gegnum heimas\u00ed\u00f0u ef \u00fe\u00fa hefur einhverjar spurningar \u00ed tengslum vi\u00f0 okkar starfsemi. Alla jafna byggir heimild til vinnslu pers\u00f3nuuppl\u00fdsinga \u00ed \u00feessum tilfellum \u00e1 sam\u00feykki \u00fe\u00ednu, sbr. 1. tl. 9. gr. pers\u00f3nuverndarlaga.<\/p>\n\n\n\n<h4 class=\"wp-block-heading\">\u00deegar \u00fe\u00fa sendir okkur skilabo\u00f0 \u00e1 Facebook e\u00f0a Instagram<\/h4>\n\n\n\n<p>Styrktarsj\u00f3\u00f0urinn Eldtaugar er \u00e1 Facebook og Instagram til a\u00f0 auka s\u00fdnileika f\u00e9lagsins. \u00de\u00fa getur sent okkur skilabo\u00f0 \u00fear ef \u00fe\u00fa hefur einhverjar spurningar \u00ed tengslum vi\u00f0 okkar starfsemi. Heimild til vinnslu pers\u00f3nuuppl\u00fdsinga byggir \u00fe\u00e1 alla jafna \u00e1 sam\u00feykki \u00fe\u00ednu, sbr. 1. tl. 9. gr. pers\u00f3nuverndarlaga.<\/p>\n\n\n\n<h4 class=\"wp-block-heading\">Reikningager\u00f0 og f\u00e6rsla b\u00f3khalds<\/h4>\n\n\n\n<p>\u00deegar \u00fe\u00fa verslar \u00ed gegnum vefverslun okkar stofnum vi\u00f0 \u00feig sem vi\u00f0skiptavin \u00ed fj\u00e1rhagskerfinu okkar. Er sl\u00edkt nau\u00f0synlegt svo h\u00e6gt s\u00e9 a\u00f0 \u00fatb\u00faa vi\u00f0eigandi reikning. Sty\u00f0st vinnsla pers\u00f3nuuppl\u00fdsinga \u00fe\u00e1 vi\u00f0 heimild \u00ed 2. tl. 9. gr. pers\u00f3nuverndarlaga.<\/p>\n\n\n\n<h4 class=\"wp-block-heading\">Vafrak\u00f6kur: \u00deegar \u00fe\u00fa notar vefs\u00ed\u00f0una okkar<\/h4>\n\n\n\n<p>Vafrak\u00f6kur eru litlar textaskr\u00e1r sem eru geymdar \u00e1 t\u00f6lvunni \u00feinni e\u00f0a \u00ed \u00f6\u00f0rum snjallt\u00e6kjum \u00feegar \u00fe\u00fa heims\u00e6kir vefs\u00ed\u00f0u. F\u00e9lagi\u00f0 notar eftirfarandi vafrak\u00f6kur:<\/p>\n\n\n\n<p><em style=\"color:var(--ast-global-color-3)\">\u00c1rangursk\u00f6kur:<\/em>  Eru nota\u00f0ar til a\u00f0 skilja og greina helstu frammist\u00f6\u00f0uv\u00edsit\u00f6lur vefs\u00ed\u00f0unnar sem hj\u00e1lpa til vi\u00f0 a\u00f0 skila betri notendaupplifun fyrir gestina.<\/p>\n\n\n\n<p><em style=\"color:var(--ast-global-color-3)\">Greiningar- og t\u00f6lfr\u00e6\u00f0ik\u00f6kur:<\/em>  F\u00e9lagi\u00f0 notar vafrak\u00f6kur til a\u00f0 greina notkun \u00e1 vefs\u00ed\u00f0u f\u00e9lagsins. Me\u00f0 \u00fev\u00ed f\u00e1st til d\u00e6mis uppl\u00fdsingar um hversu margir notendur opna tilteknar undirs\u00ed\u00f0ur \u00e1 vefs\u00ed\u00f0unni, hversu lengi \u00fe\u00e6r eru sko\u00f0a\u00f0ar, fr\u00e1 hva\u00f0a vefs\u00ed\u00f0um notendur koma inn \u00e1 s\u00ed\u00f0una og hvers konar vafra \u00feeir nota til a\u00f0 sko\u00f0a hana. Heimild til \u00feessa byggir \u00e1 sam\u00feykki \u00fe\u00ednu, sbr. 1. tl. 9. gr. pers\u00f3nuverndarlaga.<\/p>\n\n\n\n<p><em style=\"color:var(--ast-global-color-3)\">Marka\u00f0sk\u00f6kur:<\/em>  Vi\u00f0 notum einnig marka\u00f0svafrak\u00f6kur til a\u00f0 birta \u00fe\u00e9r augl\u00fdsingar sem vi\u00f0 teljum \u00feig hafa \u00e1huga \u00e1 og tengjast starfsemi f\u00e9lagsins. Heimild til \u00feessa byggir \u00e1 sam\u00feykki \u00fe\u00ednu, sbr. 1. tl. 9. gr. pers\u00f3nuverndarlaga.<\/p>\n\n\n\n<p><em style=\"color:var(--ast-global-color-3)\">Nau\u00f0synlegar vafrak\u00f6kur:<\/em>  \u00deessar k\u00f6kur eru nau\u00f0synlegar svo heimas\u00ed\u00f0an okkar virki me\u00f0 e\u00f0lilegum h\u00e6tti. Heimild til \u00feessa byggir \u00e1 6. tl. 9. gr. pers\u00f3nuverndarlaga.<\/p>\n\n\n\n<p><em style=\"color:var(--ast-global-color-3)\">Virknik\u00f6kur:<\/em>  Hj\u00e1lpa til vi\u00f0 a\u00f0 framkv\u00e6ma \u00e1kve\u00f0na virkni eins og a\u00f0 deila innihaldi vefs\u00ed\u00f0unnar \u00e1 samf\u00e9lagsmi\u00f0lum, safna vi\u00f0br\u00f6g\u00f0um og \u00f6\u00f0rum eiginleikum \u00feri\u00f0ja a\u00f0ila.<\/p>\n\n\n\n<p><em style=\"color:var(--ast-global-color-3)\">A\u00f0rar vafrak\u00f6kur<\/em>:  A\u00f0rar \u00f3flokka\u00f0ar vafrak\u00f6kur eru \u00fe\u00e6r sem veri\u00f0 er a\u00f0 greina og hafa ekki veri\u00f0 flokka\u00f0ar enn sem komi\u00f0 er.<\/p>\n\n\n\n<h3 class=\"wp-block-heading\">Mi\u00f0lun pers\u00f3nuuppl\u00fdsinga til \u00feri\u00f0ja a\u00f0ila<\/h3>\n\n\n\n<p>F\u00e9lagi\u00f0 notar rafr\u00e6nar lausnir fr\u00e1 \u00feri\u00f0ja a\u00f0ila sem au\u00f0velda f\u00e9laginu a\u00f0 halda utan um og mi\u00f0la uppl\u00fdsingum. Eigendur lausnanna kunna a\u00f0 hafa a\u00f0gang a\u00f0 pers\u00f3nuuppl\u00fdsingum. F\u00e9lagi\u00f0 gerir \u00e1vallt vinnslusamning vi\u00f0 vi\u00f0komandi \u00fej\u00f3nustua\u00f0ila \u00ed samr\u00e6mi vi\u00f0 kr\u00f6fur pers\u00f3nuverndarlaga. Sl\u00edkur samningur kve\u00f0ur me\u00f0al annars \u00e1 um skyldu hans til a\u00f0 g\u00e6ta fyllsta tr\u00fana\u00f0ar, tryggja \u00f6ryggi og fara eing\u00f6ngu me\u00f0 pers\u00f3nuuppl\u00fdsingar \u00ed samr\u00e6mi vi\u00f0 fyrirm\u00e6li f\u00e9lagsins.<\/p>\n\n\n\n<p>\u00cd \u00e1kve\u00f0num tilfellum g\u00e6ti f\u00e9lagi\u00f0 deilt pers\u00f3nuuppl\u00fdsingum me\u00f0 \u00feri\u00f0ja a\u00f0ila sem ekki er bundinn fyrirm\u00e6lum f\u00e9lagsins um me\u00f0fer\u00f0 \u00feeirra. Athuga\u00f0u \u00fe\u00e1 einnig a\u00f0 Facebook hefur a\u00f0gang a\u00f0 \u00f6llum skilabo\u00f0um sem \u00fe\u00fa sendir \u00fear og \u00e1 Instagram. R\u00e9tt er a\u00f0 geta \u00feess a\u00f0 \u00feeim a\u00f0ilum ber a\u00f0 haga me\u00f0fer\u00f0 pers\u00f3nuuppl\u00fdsinga \u00ed samr\u00e6mi vi\u00f0 pers\u00f3nuverndarl\u00f6g, jafnvel \u00fe\u00f3tt \u00feeir s\u00e9u ekki bundnir fyrirm\u00e6lum f\u00e9lagsins um me\u00f0fer\u00f0 \u00feeirra.<\/p>\n\n\n\n<h3 class=\"wp-block-heading\">\u00d6ryggi pers\u00f3nuuppl\u00fdsinga<\/h3>\n\n\n\n<p>F\u00e9lagi\u00f0 hefur gripi\u00f0 til t\u00e6knilegra og skipulagslegra \u00f6ryggisr\u00e1\u00f0stafana \u00ed \u00fev\u00ed skyni a\u00f0 tryggja vi\u00f0unandi \u00f6ryggi pers\u00f3nuuppl\u00fdsinga. \u00d6ryggisr\u00e1\u00f0st\u00f6funum \u00feessum er \u00e6tla\u00f0 a\u00f0 vernda pers\u00f3nuuppl\u00fdsingar gegn \u00fev\u00ed a\u00f0 \u00fe\u00e6r breytist, glatist, ver\u00f0i birtar e\u00f0a a\u00f0gangur veittur a\u00f0 \u00feeim \u00ed leyfisleysi.<\/p>\n\n\n\n<h3 class=\"wp-block-heading\">Var\u00f0veislut\u00edmi pers\u00f3nuuppl\u00fdsinga<\/h3>\n\n\n\n<p>Styrktarsj\u00f3\u00f0urinn Eldtaugar geymir pers\u00f3nuuppl\u00fdsingar \u00ed \u00feann t\u00edma sem nau\u00f0synlegt er fyrir f\u00e9lagi\u00f0 a\u00f0 hafa \u00fe\u00e6r undir h\u00f6ndum. B\u00f3khaldsg\u00f6gn eru geymd \u00ed sj\u00f6 \u00e1r \u00ed samr\u00e6mi vi\u00f0 l\u00f6g um b\u00f3khald nr. 145\/1994. \u00deegar ekki er \u00fe\u00f6rf fyrir f\u00e9lagi\u00f0 a\u00f0 hafa pers\u00f3nuuppl\u00fdsingar undir h\u00f6ndum lengur ey\u00f0ir f\u00e9lagi\u00f0 \u00feeim me\u00f0 \u00f6ruggum h\u00e6tti.<\/p>\n\n\n\n<h3 class=\"wp-block-heading\">R\u00e9ttindi \u00fe\u00edn<\/h3>\n\n\n\n<p>\u00de\u00fa n\u00fdtur \u00e1kve\u00f0inna r\u00e9ttinda samkv\u00e6mt pers\u00f3nuverndarl\u00f6gum. Ef \u00fe\u00fa vilt neyta \u00feessara r\u00e9ttinda \u00feinna m\u00e1ttu hafa samband vi\u00f0 okkur \u00ed gegnum netfangi\u00f0 <a href=\"mailto:eldtaugar@eldtaugar.is\" rel=\"nofollow\">eldtaugar@eldtaugar.is<\/a>. Vi\u00f0 h\u00f6fum einn m\u00e1nu\u00f0 til a\u00f0 svara erindi \u00fe\u00ednu en getum framlengt frestinn um tvo m\u00e1nu\u00f0i ef bei\u00f0nin er s\u00e9rstaklega umfangsmikil. R\u00e9tt er a\u00f0 taka fram a\u00f0 r\u00e9ttindi \u00fe\u00edn eru ekki fortakslaus og kunna a\u00f0 vera h\u00e1\u00f0 \u00e1kve\u00f0num skilyr\u00f0um. H\u00e9r er a\u00f0 finna yfirlit yfir helstu r\u00e9ttindi \u00fe\u00edn:<\/p>\n\n\n\n<p><em style=\"color:var(--ast-global-color-3)\">R\u00e9ttur til a\u00f0gangs:<\/em>  \u00de\u00fa \u00e1tt r\u00e9tt \u00e1 a\u00f0 \u00f3ska eftir a\u00f0gangi a\u00f0 \u00fe\u00ednum g\u00f6gnum og f\u00e1 afrit af \u00fe\u00ednum pers\u00f3nuuppl\u00fdsingum.<\/p>\n\n\n\n<p><em style=\"color:var(--ast-global-color-3)\">R\u00e9ttur til lei\u00f0r\u00e9ttingar:<\/em>  \u00de\u00fa \u00e1tt r\u00e9tt \u00e1 a\u00f0 f\u00e1 uppl\u00fdsingar um \u00feig sem eru rangar og \u00f3n\u00e1kv\u00e6mar lei\u00f0r\u00e9ttar.<\/p>\n\n\n\n<p><em style=\"color:var(--ast-global-color-3)\">R\u00e9ttur til ey\u00f0ingar<\/em>:  \u00cd \u00e1kve\u00f0num tilfellum getur \u00fe\u00fa \u00e1tt r\u00e9tt \u00e1 a\u00f0 \u00fe\u00ednum pers\u00f3nuuppl\u00fdsingum s\u00e9 eytt. \u00deetta \u00e1 einkum vi\u00f0 \u00ed \u00feeim tilfellum \u00fear sem uppl\u00fdsingar eru ekki lengur nau\u00f0synlegar, \u00fe\u00fa hefur andm\u00e6lt vinnslunni, vinnslan reynist \u00f3l\u00f6gm\u00e6t, e\u00f0a ef vinnslan byggir \u00e1 sam\u00feykki sem \u00fe\u00fa hefur afturkalla\u00f0.<\/p>\n\n\n\n<p><em style=\"color:var(--ast-global-color-3)\">R\u00e9ttur til a\u00f0 andm\u00e6la vinnslu:<\/em>  Byggi vinnsla okkar \u00e1 pers\u00f3nuuppl\u00fdsingum \u00e1 l\u00f6gm\u00e6tum hagsmunum, og \u00fe\u00fa telur a\u00f0 h\u00fan brj\u00f3ti gegn grundvallarr\u00e9ttindum \u00fe\u00ednum, \u00fe\u00e1 getur \u00fe\u00fa andm\u00e6lt vinnslunni. Vi\u00f0 h\u00e6ttum \u00fe\u00e1 vinnslunni nema vi\u00f0 s\u00fdnum fram \u00e1 r\u00edkari hagsmuni af \u00fev\u00ed a\u00f0 halda henni \u00e1fram.<\/p>\n\n\n\n<p class=\"nomargin\"><em style=\"color:var(--ast-global-color-3)\">R\u00e9ttur til takm\u00f6rkunar \u00e1 vinnslu:<\/em>  \u00cd eftirfarandi tilfellum \u00e1tt \u00fe\u00fa r\u00e9tt \u00e1 a\u00f0 vi\u00f0 st\u00f6\u00f0vum vinnslu pers\u00f3nuuppl\u00fdsinga:<\/p>\n\n\n\n<ul class=\"marginL50 wp-block-list\"><li>Ef \u00fe\u00fa v\u00e9fengir a\u00f0 pers\u00f3nuuppl\u00fdsingar s\u00e9u r\u00e9ttar (\u00fear til vi\u00f0 getum sta\u00f0fest a\u00f0 \u00fe\u00e6r s\u00e9u r\u00e9ttar).<\/li><li>Vinnslan er \u00f3l\u00f6gm\u00e6t, en \u00fe\u00fa vilt ekki a\u00f0 pers\u00f3nuuppl\u00fdsingunum s\u00e9 eytt.<\/li><li>Vi\u00f0 \u00feurfum ekki lengur \u00e1 uppl\u00fdsingunum a\u00f0 halda en \u00fe\u00fa \u00fearfnast \u00feeirra til a\u00f0 hafa uppi, stofna e\u00f0a verja r\u00e9ttarkr\u00f6fu.<\/li><li>\u00de\u00fa hefur andm\u00e6lt vinnslunni og vi\u00f0 h\u00f6fum ekki bent \u00e1 r\u00edkari hagsmuni af \u00fev\u00ed a\u00f0 halda henni \u00e1fram.<\/li><\/ul>\n\n\n\n<p><em style=\"color:var(--ast-global-color-3)\">R\u00e9ttur til a\u00f0 afturkalla sam\u00feykki:<\/em>  \u00cd \u00feeim tilfellum \u00fear sem vi\u00f0 byggjum vinnslu \u00e1 sam\u00feykki \u00fe\u00ednu er \u00fe\u00e9r \u00e1vallt heimilt a\u00f0 afturkalla sl\u00edkt sam\u00feykki. Afturk\u00f6llun \u00e1 sam\u00feykki \u00fe\u00fd\u00f0ir \u00fe\u00f3 ekki a\u00f0 vinnslan sem f\u00f3r fram \u00e1\u00f0ur en sam\u00feykki var afturkalla\u00f0 s\u00e9 \u00f3l\u00f6gm\u00e6t.<\/p>\n\n\n\n<p><em style=\"color:var(--ast-global-color-3)\">R\u00e9ttur til a\u00f0 leggja fram kv\u00f6rtun hj\u00e1 Pers\u00f3nuvernd:<\/em>  Teljir \u00fe\u00fa a\u00f0 ekki s\u00e9 fari\u00f0 me\u00f0 pers\u00f3nuuppl\u00fdsingar \u00fe\u00ednar \u00ed samr\u00e6mi vi\u00f0 pers\u00f3nuverndarl\u00f6g \u00e1tt \u00fe\u00fa \u00e1vallt r\u00e9tt \u00e1 a\u00f0 leggja fram kv\u00f6rtun hj\u00e1 Pers\u00f3nuvernd (www.personuvernd.is).<\/p>\n\n\n\n<h3 class=\"wp-block-heading\">Frekari uppl\u00fdsingar<\/h3>\n\n\n\n<p>Hafi \u00fe\u00fa frekari spurningar um hvernig f\u00e9lagi\u00f0 me\u00f0h\u00f6ndlar pers\u00f3nuuppl\u00fdsingar \u00fe\u00ednar getur \u00fe\u00fa \u00e1vallt sent okkur fyrirspurn \u00e1 <a href=\"mailto:eldtaugar@eldtaugar.is\" rel=\"nofollow\">eldtaugar@eldtaugar.is<\/a>.<\/p>\n\n\n\n<h3 class=\"wp-block-heading\">Endursko\u00f0un<\/h3>\n\n\n\n<p>Pers\u00f3nuverndarstefna \u00feessi getur fr\u00e1 einum t\u00edma til annars teki\u00f0 breytingum \u00ed samr\u00e6mi vi\u00f0 breytingar sem ver\u00f0a \u00e1 vi\u00f0eigandi l\u00f6gum og regluger\u00f0um e\u00f0a ef breytingar ver\u00f0a \u00e1 \u00fev\u00ed hvernig Styrktarsj\u00f3\u00f0urinn Eldtaugar vinnur me\u00f0 pers\u00f3nuuppl\u00fdsingar.<\/p>\n\n\n\n<div style=\"height:100px\" aria-hidden=\"true\" class=\"wp-block-spacer\"><\/div>","protected":false},"excerpt":{"rendered":"<p>Almennt Styrktarsj\u00f3\u00f0urinn Eldtaugar hefur einsett s\u00e9r a\u00f0 tryggja tr\u00fana\u00f0, \u00e1rei\u00f0anleika og tilt\u00e6kileika pers\u00f3nuuppl\u00fdsinga \u00ed hv\u00edvetna. \u00cd pers\u00f3nuverndarstefnu \u00feessari er \u00fev\u00ed l\u00fdst hvernig Styrktarsj\u00f3\u00f0urinn Eldtaugar vinnur me\u00f0 pers\u00f3nuuppl\u00fdsingar vi\u00f0skiptavina sinna. \u00d6ll vinnsla f\u00e9lagsins \u00e1 pers\u00f3nuuppl\u00fdsingum fer fram \u00e1 grundvelli laga nr. 90\/2018 um pers\u00f3nuvernd og vinnslu pers\u00f3nuuppl\u00fdsinga (\u201epers\u00f3nuverndarl\u00f6g\u201c). Me\u00f0 pers\u00f3nuuppl\u00fdsingum er \u00e1tt vi\u00f0 allar uppl\u00fdsingar sem [&hellip;]<\/p>","protected":false},"author":2,"featured_media":0,"parent":0,"menu_order":0,"comment_status":"closed","ping_status":"closed","template":"","meta":{"tpgb_global_settings":"","_uag_custom_page_level_css":"","_monsterinsights_skip_tracking":false,"_monsterinsights_sitenote_active":false,"_monsterinsights_sitenote_note":"","_monsterinsights_sitenote_category":0,"site-sidebar-layout":"default","site-content-layout":"","ast-site-content-layout":"default","site-content-style":"default","site-sidebar-style":"default","ast-global-header-display":"","ast-banner-title-visibility":"","ast-main-header-display":"","ast-hfb-above-header-display":"","ast-hfb-below-header-display":"","ast-hfb-mobile-header-display":"","site-post-title":"disabled","ast-breadcrumbs-content":"","ast-featured-img":"","footer-sml-layout":"","ast-disable-related-posts":"","theme-transparent-header-meta":"","adv-header-id-meta":"","stick-header-meta":"","header-above-stick-meta":"","header-main-stick-meta":"","header-below-stick-meta":"","astra-migrate-meta-layouts":"default","ast-page-background-enabled":"default","ast-page-background-meta":{"desktop":{"background-color":"var(--ast-global-color-4)","background-image":"","background-repeat":"repeat","background-position":"center center","background-size":"auto","background-attachment":"scroll","background-type":"","background-media":"","overlay-type":"","overlay-color":"","overlay-opacity":"","overlay-gradient":""},"tablet":{"background-color":"","background-image":"","background-repeat":"repeat","background-position":"center center","background-size":"auto","background-attachment":"scroll","background-type":"","background-media":"","overlay-type":"","overlay-color":"","overlay-opacity":"","overlay-gradient":""},"mobile":{"background-color":"","background-image":"","background-repeat":"repeat","background-position":"center center","background-size":"auto","background-attachment":"scroll","background-type":"","background-media":"","overlay-type":"","overlay-color":"","overlay-opacity":"","overlay-gradient":""}},"ast-content-background-meta":{"desktop":{"background-color":"var(--ast-global-color-5)","background-image":"","background-repeat":"repeat","background-position":"center center","background-size":"auto","background-attachment":"scroll","background-type":"","background-media":"","overlay-type":"","overlay-color":"","overlay-opacity":"","overlay-gradient":""},"tablet":{"background-color":"var(--ast-global-color-5)","background-image":"","background-repeat":"repeat","background-position":"center center","background-size":"auto","background-attachment":"scroll","background-type":"","background-media":"","overlay-type":"","overlay-color":"","overlay-opacity":"","overlay-gradient":""},"mobile":{"background-color":"var(--ast-global-color-5)","background-image":"","background-repeat":"repeat","background-position":"center center","background-size":"auto","background-attachment":"scroll","background-type":"","background-media":"","overlay-type":"","overlay-color":"","overlay-opacity":"","overlay-gradient":""}},"footnotes":""},"class_list":["post-246","page","type-page","status-publish","hentry"],"aioseo_notices":[],"tpgb_featured_images":null,"tpgb_post_meta_info":{"get_date":"March 18, 2022","get_modified_date":"April 18, 2022","author_name":"RosaBraga","author_url":"https:\/\/eldtaugar.is\/en\/author\/rosabraga-2\/","author_email":"rosa@ryni.design","author_website":"","author_description":"","author_facebook":"","author_twitter":"","author_instagram":"","author_role":["administrator"],"author_firstname":"","author_lastname":"","user_login":"RosaBraga","author_avatar":"<img alt='' src='https:\/\/secure.gravatar.com\/avatar\/196d41ff357ba5900001c5113dec615df075ef294d8ac529877a77c0d650b703?s=200&#038;d=mm&#038;r=g' srcset='https:\/\/secure.gravatar.com\/avatar\/196d41ff357ba5900001c5113dec615df075ef294d8ac529877a77c0d650b703?s=400&#038;d=mm&#038;r=g 2x' class='avatar avatar-200 photo' height='200' width='200' loading='lazy' decoding='async'\/>","author_avatar_url":"https:\/\/secure.gravatar.com\/avatar\/196d41ff357ba5900001c5113dec615df075ef294d8ac529877a77c0d650b703?s=96&d=mm&r=g","comment_count":0,"post_likes":0,"post_views":0},"tpgb_post_category":[],"uagb_featured_image_src":{"full":false,"thumbnail":false,"medium":false,"medium_large":false,"large":false,"1536x1536":false,"2048x2048":false,"trp-custom-language-flag":false,"tp-image-grid":false,"woocommerce_thumbnail":false,"woocommerce_single":false,"woocommerce_gallery_thumbnail":false},"uagb_author_info":{"display_name":"RosaBraga","author_link":"https:\/\/eldtaugar.is\/en\/author\/rosabraga-2\/"},"uagb_comment_info":0,"uagb_excerpt":"Almennt Styrktarsj\u00f3\u00f0urinn Eldtaugar hefur einsett s\u00e9r a\u00f0 tryggja tr\u00fana\u00f0, \u00e1rei\u00f0anleika og tilt\u00e6kileika pers\u00f3nuuppl\u00fdsinga \u00ed hv\u00edvetna. \u00cd pers\u00f3nuverndarstefnu \u00feessari er \u00fev\u00ed l\u00fdst hvernig Styrktarsj\u00f3\u00f0urinn Eldtaugar vinnur me\u00f0 pers\u00f3nuuppl\u00fdsingar vi\u00f0skiptavina sinna. \u00d6ll vinnsla f\u00e9lagsins \u00e1 pers\u00f3nuuppl\u00fdsingum fer fram \u00e1 grundvelli laga nr. 90\/2018 um pers\u00f3nuvernd og vinnslu pers\u00f3nuuppl\u00fdsinga (\u201epers\u00f3nuverndarl\u00f6g\u201c). Me\u00f0 pers\u00f3nuuppl\u00fdsingum er \u00e1tt vi\u00f0 allar uppl\u00fdsingar sem&hellip;","_links":{"self":[{"href":"https:\/\/eldtaugar.is\/en\/wp-json\/wp\/v2\/pages\/246","targetHints":{"allow":["GET"]}}],"collection":[{"href":"https:\/\/eldtaugar.is\/en\/wp-json\/wp\/v2\/pages"}],"about":[{"href":"https:\/\/eldtaugar.is\/en\/wp-json\/wp\/v2\/types\/page"}],"author":[{"embeddable":true,"href":"https:\/\/eldtaugar.is\/en\/wp-json\/wp\/v2\/users\/2"}],"replies":[{"embeddable":true,"href":"https:\/\/eldtaugar.is\/en\/wp-json\/wp\/v2\/comments?post=246"}],"version-history":[{"count":11,"href":"https:\/\/eldtaugar.is\/en\/wp-json\/wp\/v2\/pages\/246\/revisions"}],"predecessor-version":[{"id":322,"href":"https:\/\/eldtaugar.is\/en\/wp-json\/wp\/v2\/pages\/246\/revisions\/322"}],"wp:attachment":[{"href":"https:\/\/eldtaugar.is\/en\/wp-json\/wp\/v2\/media?parent=246"}],"curies":[{"name":"wp","href":"https:\/\/api.w.org\/{rel}","templated":true}]}}