{"id":139,"date":"2022-03-03T12:22:33","date_gmt":"2022-03-03T12:22:33","guid":{"rendered":"https:\/\/eldtaugar.is\/?page_id=139"},"modified":"2022-05-28T16:53:14","modified_gmt":"2022-05-28T16:53:14","slug":"crps","status":"publish","type":"page","link":"https:\/\/eldtaugar.is\/en\/crps\/","title":{"rendered":"Hva\u00f0 er CRPS?"},"content":{"rendered":"<div class=\"inherit-container-width wp-block-group alignfull has-ast-global-color-4-background-color has-background is-layout-constrained wp-block-group-is-layout-constrained\"><div class=\"wp-block-group__inner-container\">\n<div class=\"inherit-container-width wp-block-group is-layout-constrained wp-block-group-is-layout-constrained\"><div class=\"wp-block-group__inner-container\">\n<p>Flestir sj\u00faklingar me\u00f0 CRPS hafa \u00feurft a\u00f0 flakka milli hinna \u00fdmsu l\u00e6kna og s\u00e9rfr\u00e6\u00f0inga. \u00deeir hafa fari\u00f0 \u00ed fj\u00f6lmargar ranns\u00f3knir \u00fear sem pota\u00f0 hefur veri\u00f0 \u00ed \u00fe\u00e1 og klipi\u00f0 (hvoru tveggja mj\u00f6g svo \u00f3\u00e6skilegt fyrir CRPS sj\u00faklinga) og ranglega greindir, jafnvel oftar en einu sinni.<br>Oft \u00e1 t\u00ed\u00f0um hafa \u00feeir fengi\u00f0 \u00e1 sig stimpil sem f\u00edklar \u00ed pilluleit e\u00f0a a\u00f0 \u00feeir s\u00e9u a\u00f0 gera s\u00e9r upp einkenni s\u00edn, t.a.m. til a\u00f0 f\u00e1 vorkunn e\u00f0a komast \u00e1 \u00f6rorku (hver \u00ed \u00f3sk\u00f6punum \u00e6tti a\u00f0 vilja \u00fea\u00f0?!).<\/p>\n\n\n\n<p>Me\u00f0al sj\u00faklingur me\u00f0 CRPS er oft ranglega greindur \u00e1rum saman og f\u00e6r \u00fear af lei\u00f0andi ekki r\u00e9tta me\u00f0fer\u00f0.  Mj\u00f6g margir finna r\u00e9tta greiningu sj\u00e1lfir og f\u00e1 hana svo sta\u00f0festa hj\u00e1 taugal\u00e6kni.<\/p>\n\n\n\n<p>Sj\u00fakd\u00f3murinn er g\u00edfurlega vangreindur h\u00e9rlendis. Erlendis er tala\u00f0 um a\u00f0 5 \u00e1 hverja 100.000 \u00edb\u00faa greinist \u00e1rlega, en h\u00e9rlendis er \u00feessi tala ekki nema 1,8 (skv. vi\u00f0tali vi\u00f0 xxxxx).<\/p>\n<\/div><\/div>\n<\/div><\/div>\n\n\n\n<div class=\"inherit-container-width wp-block-group alignfull has-ast-global-color-5-background-color has-background is-layout-constrained wp-block-group-is-layout-constrained\"><div class=\"wp-block-group__inner-container\">\n<div class=\"inherit-container-width wp-block-group is-layout-constrained wp-block-group-is-layout-constrained\"><div class=\"wp-block-group__inner-container\">\n<h2 class=\"wp-block-heading\">Algeng einkenni:<\/h2>\n\n\n\n<div class=\"wp-block-columns is-layout-flex wp-container-core-columns-is-layout-28f84493 wp-block-columns-is-layout-flex\">\n<div class=\"wp-block-column is-layout-flow wp-block-column-is-layout-flow\"><div class=\"tpgb-stylist-list tpgb-relative-block tpgb-block-e71a25  align-left\"  ><div class=\"tpgb-icon-list-items d-flex-top\"><div id=\"tooltip69fb3e3ed0258\" class=\"tpgb-icon-list-item tp-repeater-item-0 active\"  ><div class=\"tpgb-icon-list-icon\"><i class=\"list-icon fas fa-notes-medical\" aria-hidden=\"true\"><\/i><\/div><div class=\"tpgb-icon-list-text\"><p>S\u00edfelld brunatilfinning e\u00f0a d\u00fandrandi s\u00e1rsauki, oftast \u00ed handlegg, f\u00f3tlegg, hendi e\u00f0a f\u00e6ti.<\/p><\/div><\/div><div id=\"tooltip69fb3e3ed0268\" class=\"tpgb-icon-list-item tp-repeater-item-1\"  ><div class=\"tpgb-icon-list-icon\"><i class=\"list-icon fas fa-notes-medical\" aria-hidden=\"true\"><\/i><\/div><div class=\"tpgb-icon-list-text\"><p>Mikil n\u00e6mni fyrir snertingu e\u00f0a kulda.<\/p><\/div><\/div><div id=\"tooltip69fb3e3ed0273\" class=\"tpgb-icon-list-item tp-repeater-item-2\"  ><div class=\"tpgb-icon-list-icon\"><i class=\"list-icon fas fa-notes-medical\" aria-hidden=\"true\"><\/i><\/div><div class=\"tpgb-icon-list-text\"><p>B\u00f3lga \u00e1 verkju\u00f0u sv\u00e6\u00f0i.<\/p><\/div><\/div><\/div><\/div><\/div>\n\n\n\n<div class=\"wp-block-column is-layout-flow wp-block-column-is-layout-flow\"><div class=\"tpgb-stylist-list tpgb-relative-block tpgb-block-8f5f5e  align-left\"  ><div class=\"tpgb-icon-list-items d-flex-top\"><div id=\"tooltip69fb3e3ed0446\" class=\"tpgb-icon-list-item tp-repeater-item-0 active\"  ><div class=\"tpgb-icon-list-icon\"><i class=\"list-icon fas fa-notes-medical\" aria-hidden=\"true\"><\/i><\/div><div class=\"tpgb-icon-list-text\"><p>Breytingar \u00ed hitastigi h\u00fa\u00f0ar \u2014 \u00fear sem sviti og kuldi skiptast \u00e1.<\/p><\/div><\/div><div id=\"tooltip69fb3e3ed0454\" class=\"tpgb-icon-list-item tp-repeater-item-1\"  ><div class=\"tpgb-icon-list-icon\"><i class=\"list-icon fas fa-notes-medical\" aria-hidden=\"true\"><\/i><\/div><div class=\"tpgb-icon-list-text\"><p>Breytingar \u00ed lit h\u00fa\u00f0ar \u2014 allt fr\u00e1 hv\u00edtri og flekkj\u00f3ttri \u00fat \u00ed rau\u00f0 e\u00f0a bl\u00e1.<\/p><\/div><\/div><div id=\"tooltip69fb3e3ed045f\" class=\"tpgb-icon-list-item tp-repeater-item-2\"  ><div class=\"tpgb-icon-list-icon\"><i class=\"list-icon fas fa-notes-medical\" aria-hidden=\"true\"><\/i><\/div><div class=\"tpgb-icon-list-text\"><p>Breytingar \u00e1 \u00e1fer\u00f0 h\u00fa\u00f0ar \u2014 getur or\u00f0i\u00f0 mun vi\u00f0kv\u00e6mari og \u00feynnst e\u00f0a or\u00f0i\u00f0 glansandi \u00e1 \u00e1hrifasv\u00e6\u00f0i.<\/p><\/div><\/div><\/div><\/div><\/div>\n\n\n\n<div class=\"wp-block-column is-layout-flow wp-block-column-is-layout-flow\"><div class=\"tpgb-stylist-list tpgb-relative-block tpgb-block-c2415e  align-left\"  ><div class=\"tpgb-icon-list-items d-flex-top\"><div id=\"tooltip69fb3e3ed0612\" class=\"tpgb-icon-list-item tp-repeater-item-0 active\"  ><div class=\"tpgb-icon-list-icon\"><i class=\"list-icon fas fa-notes-medical\" aria-hidden=\"true\"><\/i><\/div><div class=\"tpgb-icon-list-text\"><p>Breytingar \u00ed h\u00e1r- og naglavexti.<\/p><\/div><\/div><div id=\"tooltip69fb3e3ed061e\" class=\"tpgb-icon-list-item tp-repeater-item-1\"  ><div class=\"tpgb-icon-list-icon\"><i class=\"list-icon fas fa-notes-medical\" aria-hidden=\"true\"><\/i><\/div><div class=\"tpgb-icon-list-text\"><p>St\u00edfir, b\u00f3lgnir e\u00f0a skemmdir li\u00f0ir<\/p><\/div><\/div><div id=\"tooltip69fb3e3ed0629\" class=\"tpgb-icon-list-item tp-repeater-item-p32h\"  ><div class=\"tpgb-icon-list-icon\"><i class=\"list-icon fas fa-notes-medical\" aria-hidden=\"true\"><\/i><\/div><div class=\"tpgb-icon-list-text\"><p>V\u00f6\u00f0vakrampar, -skj\u00e1lftar, -veikleiki og -tap<\/p><\/div><\/div><div id=\"tooltip69fb3e3ed0633\" class=\"tpgb-icon-list-item tp-repeater-item-2\"  ><div class=\"tpgb-icon-list-icon\"><i class=\"list-icon fas fa-notes-medical\" aria-hidden=\"true\"><\/i><\/div><div class=\"tpgb-icon-list-text\"><p>Minnkandi geta til a\u00f0 hreyfa \u00fe\u00e1 vi\u00f0komandi l\u00edkamspart.<\/p><\/div><\/div><\/div><\/div><\/div>\n<\/div>\n<\/div><\/div>\n<\/div><\/div>\n\n\n\n<div class=\"inherit-container-width wp-block-group alignfull has-ast-global-color-4-background-color has-background is-layout-constrained wp-block-group-is-layout-constrained\"><div class=\"wp-block-group__inner-container\">\n<div class=\"inherit-container-width wp-block-group alignwide is-layout-constrained wp-block-group-is-layout-constrained\"><div class=\"wp-block-group__inner-container\">\n<h2 class=\"wp-block-heading\">Sagan<\/h2>\n\n\n\n<div class=\"wp-block-columns is-layout-flex wp-container-core-columns-is-layout-28f84493 wp-block-columns-is-layout-flex\">\n<div class=\"wp-block-column is-layout-flow wp-block-column-is-layout-flow\" style=\"flex-basis:40%\">\n<figure class=\"wp-block-image size-large\"><img loading=\"lazy\" decoding=\"async\" width=\"684\" height=\"1024\" src=\"https:\/\/eldtaugar.is\/wp-content\/uploads\/2022\/03\/vladimir-fedotov-1sgUgwaKSXg-unsplash-684x1024.png\" alt=\"\" class=\"wp-image-168\" srcset=\"https:\/\/eldtaugar.is\/wp-content\/uploads\/2022\/03\/vladimir-fedotov-1sgUgwaKSXg-unsplash-684x1024.png 684w, https:\/\/eldtaugar.is\/wp-content\/uploads\/2022\/03\/vladimir-fedotov-1sgUgwaKSXg-unsplash-200x300.png 200w, https:\/\/eldtaugar.is\/wp-content\/uploads\/2022\/03\/vladimir-fedotov-1sgUgwaKSXg-unsplash-768x1151.png 768w, https:\/\/eldtaugar.is\/wp-content\/uploads\/2022\/03\/vladimir-fedotov-1sgUgwaKSXg-unsplash-600x899.png 600w, https:\/\/eldtaugar.is\/wp-content\/uploads\/2022\/03\/vladimir-fedotov-1sgUgwaKSXg-unsplash.png 801w\" sizes=\"auto, (max-width: 684px) 100vw, 684px\" \/><figcaption><em>Mynd\/Unsplash<\/em><\/figcaption><\/figure>\n<\/div>\n\n\n\n<div class=\"wp-block-column is-layout-flow wp-block-column-is-layout-flow\">\n<p>Sj\u00fakd\u00f3murinn var fyrst skr\u00e1settur \u00ed \u00der\u00e6lastr\u00ed\u00f0inu \u00ed Bandar\u00edkjunum, en \u00fea\u00f0 var l\u00e6knirinn <a href=\"https:\/\/en.wikipedia.org\/wiki\/Silas_Weir_Mitchell_(physician)\" target=\"_blank\" rel=\"noreferrer noopener\">Silas Weir Mitchell<\/a> sem var\u00f0 var vi\u00f0 \u00e1kve\u00f0i\u00f0 mynstur einkenna hj\u00e1 herm\u00f6nnum sem h\u00f6f\u00f0u or\u00f0i\u00f0 fyrir byssuskoti.<\/p>\n\n\n\n<p>\u00cd gegnum t\u00ed\u00f0ina hefur CRPS gengi\u00f0 undir m\u00f6rgum n\u00f6fnum:<\/p>\n\n\n\n<ul class=\"wp-block-list\"><li>Reflex Sympathetic Dystrophy (RSD)<\/li><li>Causalgia<\/li><li>Peripheral Trophoneurosis<\/li><li>Minor Traumatic Dystrophy<\/li><li>Atrophie de Sudeck<\/li><li>Algodystrophy o.fl.<\/li><\/ul>\n\n\n\n<p>\u00c1ri\u00f0 1993 var haldin r\u00e1\u00f0stefna \u00e1 vegum IASP (International Study of Pain) \u00ed Orlando \u00ed Fl\u00f3r\u00edda, Bandar\u00edkjunum. Var sam\u00feykkt \u00e1 henni a\u00f0 taka upp nafni\u00f0 CRPS (Complex Regional Pain Syndrome), til a\u00f0 einfalda umr\u00e6\u00f0u og skilgreiningar, og a\u00f0 dystr\u00f3f\u00eda v\u00e6ri algj\u00f6rt aukaatri\u00f0i m.v. verkjaeinkennin.<\/p>\n\n\n\n<p>Sj\u00fakd\u00f3murinn er talinn mun algengari me\u00f0al kvenna en karla (um 75% munur). Hann hefur veri\u00f0 greindur hj\u00e1 mj\u00f6g ungum b\u00f6rnum og n\u00e6r yfirleitt h\u00e1marki um mi\u00f0jan aldur.<\/p>\n\n\n\n<p>Sj\u00fakd\u00f3murinn er kr\u00f3n\u00edskur og versnar oftast me\u00f0 t\u00edmanum. Um 35% sj\u00faklinga finna \u00e1 endanum fyrir einkennum um allan l\u00edkamann. Sj\u00fakd\u00f3murinn getur haldist sta\u00f0bundinn, dreifst h\u00e6gt um l\u00edkamann me\u00f0 \u00e1runum e\u00f0a \u00fer\u00f3ast hratt \u00e1fram eins og stj\u00f3rnlaus sk\u00f3gareldur.<\/p>\n<\/div>\n<\/div>\n<\/div><\/div>\n<\/div><\/div>","protected":false},"excerpt":{"rendered":"<p>Flestir sj\u00faklingar me\u00f0 CRPS hafa \u00feurft a\u00f0 flakka milli hinna \u00fdmsu l\u00e6kna og s\u00e9rfr\u00e6\u00f0inga. \u00deeir hafa fari\u00f0 \u00ed fj\u00f6lmargar ranns\u00f3knir \u00fear sem pota\u00f0 hefur veri\u00f0 \u00ed \u00fe\u00e1 og klipi\u00f0 (hvoru tveggja mj\u00f6g svo \u00f3\u00e6skilegt fyrir CRPS sj\u00faklinga) og ranglega greindir, jafnvel oftar en einu sinni.Oft \u00e1 t\u00ed\u00f0um hafa \u00feeir fengi\u00f0 \u00e1 sig stimpil sem f\u00edklar [&hellip;]<\/p>","protected":false},"author":2,"featured_media":140,"parent":0,"menu_order":0,"comment_status":"closed","ping_status":"closed","template":"","meta":{"tpgb_global_settings":"","_uag_custom_page_level_css":"","_monsterinsights_skip_tracking":false,"_monsterinsights_sitenote_active":false,"_monsterinsights_sitenote_note":"","_monsterinsights_sitenote_category":0,"site-sidebar-layout":"default","site-content-layout":"","ast-site-content-layout":"default","site-content-style":"default","site-sidebar-style":"default","ast-global-header-display":"","ast-banner-title-visibility":"","ast-main-header-display":"","ast-hfb-above-header-display":"","ast-hfb-below-header-display":"","ast-hfb-mobile-header-display":"","site-post-title":"disabled","ast-breadcrumbs-content":"","ast-featured-img":"","footer-sml-layout":"","ast-disable-related-posts":"","theme-transparent-header-meta":"enabled","adv-header-id-meta":"","stick-header-meta":"","header-above-stick-meta":"","header-main-stick-meta":"","header-below-stick-meta":"","astra-migrate-meta-layouts":"default","ast-page-background-enabled":"default","ast-page-background-meta":{"desktop":{"background-color":"var(--ast-global-color-4)","background-image":"","background-repeat":"repeat","background-position":"center center","background-size":"auto","background-attachment":"scroll","background-type":"","background-media":"","overlay-type":"","overlay-color":"","overlay-opacity":"","overlay-gradient":""},"tablet":{"background-color":"","background-image":"","background-repeat":"repeat","background-position":"center center","background-size":"auto","background-attachment":"scroll","background-type":"","background-media":"","overlay-type":"","overlay-color":"","overlay-opacity":"","overlay-gradient":""},"mobile":{"background-color":"","background-image":"","background-repeat":"repeat","background-position":"center center","background-size":"auto","background-attachment":"scroll","background-type":"","background-media":"","overlay-type":"","overlay-color":"","overlay-opacity":"","overlay-gradient":""}},"ast-content-background-meta":{"desktop":{"background-color":"var(--ast-global-color-5)","background-image":"","background-repeat":"repeat","background-position":"center center","background-size":"auto","background-attachment":"scroll","background-type":"","background-media":"","overlay-type":"","overlay-color":"","overlay-opacity":"","overlay-gradient":""},"tablet":{"background-color":"var(--ast-global-color-5)","background-image":"","background-repeat":"repeat","background-position":"center center","background-size":"auto","background-attachment":"scroll","background-type":"","background-media":"","overlay-type":"","overlay-color":"","overlay-opacity":"","overlay-gradient":""},"mobile":{"background-color":"var(--ast-global-color-5)","background-image":"","background-repeat":"repeat","background-position":"center center","background-size":"auto","background-attachment":"scroll","background-type":"","background-media":"","overlay-type":"","overlay-color":"","overlay-opacity":"","overlay-gradient":""}},"footnotes":""},"class_list":["post-139","page","type-page","status-publish","has-post-thumbnail","hentry"],"aioseo_notices":[],"tpgb_featured_images":{"full":["https:\/\/eldtaugar.is\/wp-content\/uploads\/2022\/03\/HeaderBG.png",1920,1100,false],"tp-image-grid":["https:\/\/eldtaugar.is\/wp-content\/uploads\/2022\/03\/HeaderBG-700x700.png",700,700,true],"thumbnail":["https:\/\/eldtaugar.is\/wp-content\/uploads\/2022\/03\/HeaderBG-150x150.png",150,150,true],"medium":["https:\/\/eldtaugar.is\/wp-content\/uploads\/2022\/03\/HeaderBG-300x172.png",300,172,true],"medium_large":["https:\/\/eldtaugar.is\/wp-content\/uploads\/2022\/03\/HeaderBG-768x440.png",768,440,true],"large":["https:\/\/eldtaugar.is\/wp-content\/uploads\/2022\/03\/HeaderBG-1024x587.png",1024,587,true],"default":"https:\/\/eldtaugar.is\/wp-content\/plugins\/the-plus-addons-for-block-editor\/assets\/images\/tpgb-placeholder.jpg"},"tpgb_post_meta_info":{"get_date":"March 3, 2022","get_modified_date":"May 28, 2022","author_name":"RosaBraga","author_url":"https:\/\/eldtaugar.is\/en\/author\/rosabraga-2\/","author_email":"rosa@ryni.design","author_website":"","author_description":"","author_facebook":"","author_twitter":"","author_instagram":"","author_role":["administrator"],"author_firstname":"","author_lastname":"","user_login":"RosaBraga","author_avatar":"<img alt='' src='https:\/\/secure.gravatar.com\/avatar\/196d41ff357ba5900001c5113dec615df075ef294d8ac529877a77c0d650b703?s=200&#038;d=mm&#038;r=g' srcset='https:\/\/secure.gravatar.com\/avatar\/196d41ff357ba5900001c5113dec615df075ef294d8ac529877a77c0d650b703?s=400&#038;d=mm&#038;r=g 2x' class='avatar avatar-200 photo' height='200' width='200' loading='lazy' decoding='async'\/>","author_avatar_url":"https:\/\/secure.gravatar.com\/avatar\/196d41ff357ba5900001c5113dec615df075ef294d8ac529877a77c0d650b703?s=96&d=mm&r=g","comment_count":0,"post_likes":0,"post_views":0},"tpgb_post_category":[],"uagb_featured_image_src":{"full":["https:\/\/eldtaugar.is\/wp-content\/uploads\/2022\/03\/HeaderBG.png",1920,1100,false],"thumbnail":["https:\/\/eldtaugar.is\/wp-content\/uploads\/2022\/03\/HeaderBG-150x150.png",150,150,true],"medium":["https:\/\/eldtaugar.is\/wp-content\/uploads\/2022\/03\/HeaderBG-300x172.png",300,172,true],"medium_large":["https:\/\/eldtaugar.is\/wp-content\/uploads\/2022\/03\/HeaderBG-768x440.png",768,440,true],"large":["https:\/\/eldtaugar.is\/wp-content\/uploads\/2022\/03\/HeaderBG-1024x587.png",1024,587,true],"1536x1536":["https:\/\/eldtaugar.is\/wp-content\/uploads\/2022\/03\/HeaderBG-1536x880.png",1536,880,true],"2048x2048":["https:\/\/eldtaugar.is\/wp-content\/uploads\/2022\/03\/HeaderBG.png",1920,1100,false],"trp-custom-language-flag":["https:\/\/eldtaugar.is\/wp-content\/uploads\/2022\/03\/HeaderBG.png",18,10,false],"tp-image-grid":["https:\/\/eldtaugar.is\/wp-content\/uploads\/2022\/03\/HeaderBG-700x700.png",700,700,true],"woocommerce_thumbnail":["https:\/\/eldtaugar.is\/wp-content\/uploads\/2022\/03\/HeaderBG-300x300.png",300,300,true],"woocommerce_single":["https:\/\/eldtaugar.is\/wp-content\/uploads\/2022\/03\/HeaderBG-600x344.png",600,344,true],"woocommerce_gallery_thumbnail":["https:\/\/eldtaugar.is\/wp-content\/uploads\/2022\/03\/HeaderBG-100x100.png",100,100,true]},"uagb_author_info":{"display_name":"RosaBraga","author_link":"https:\/\/eldtaugar.is\/en\/author\/rosabraga-2\/"},"uagb_comment_info":0,"uagb_excerpt":"Flestir sj\u00faklingar me\u00f0 CRPS hafa \u00feurft a\u00f0 flakka milli hinna \u00fdmsu l\u00e6kna og s\u00e9rfr\u00e6\u00f0inga. \u00deeir hafa fari\u00f0 \u00ed fj\u00f6lmargar ranns\u00f3knir \u00fear sem pota\u00f0 hefur veri\u00f0 \u00ed \u00fe\u00e1 og klipi\u00f0 (hvoru tveggja mj\u00f6g svo \u00f3\u00e6skilegt fyrir CRPS sj\u00faklinga) og ranglega greindir, jafnvel oftar en einu sinni.Oft \u00e1 t\u00ed\u00f0um hafa \u00feeir fengi\u00f0 \u00e1 sig stimpil sem f\u00edklar&hellip;","_links":{"self":[{"href":"https:\/\/eldtaugar.is\/en\/wp-json\/wp\/v2\/pages\/139","targetHints":{"allow":["GET"]}}],"collection":[{"href":"https:\/\/eldtaugar.is\/en\/wp-json\/wp\/v2\/pages"}],"about":[{"href":"https:\/\/eldtaugar.is\/en\/wp-json\/wp\/v2\/types\/page"}],"author":[{"embeddable":true,"href":"https:\/\/eldtaugar.is\/en\/wp-json\/wp\/v2\/users\/2"}],"replies":[{"embeddable":true,"href":"https:\/\/eldtaugar.is\/en\/wp-json\/wp\/v2\/comments?post=139"}],"version-history":[{"count":24,"href":"https:\/\/eldtaugar.is\/en\/wp-json\/wp\/v2\/pages\/139\/revisions"}],"predecessor-version":[{"id":360,"href":"https:\/\/eldtaugar.is\/en\/wp-json\/wp\/v2\/pages\/139\/revisions\/360"}],"wp:featuredmedia":[{"embeddable":true,"href":"https:\/\/eldtaugar.is\/en\/wp-json\/wp\/v2\/media\/140"}],"wp:attachment":[{"href":"https:\/\/eldtaugar.is\/en\/wp-json\/wp\/v2\/media?parent=139"}],"curies":[{"name":"wp","href":"https:\/\/api.w.org\/{rel}","templated":true}]}}